{"id":667,"date":"2023-06-28T12:51:56","date_gmt":"2023-06-28T12:51:56","guid":{"rendered":"http:\/\/al-garden.pl\/?page_id=667"},"modified":"2023-06-28T12:51:57","modified_gmt":"2023-06-28T12:51:57","slug":"o-nas","status":"publish","type":"page","link":"https:\/\/al-garden.pl\/?page_id=667","title":{"rendered":"O Nas"},"content":{"rendered":"\n<p>Firma <strong>AL-GARDEN<\/strong> specjalizuje si\u0119 w produkcji i monta\u017cu najwy\u017cszej jako\u015bci pergol. Jako cz\u0119\u015b\u0107 grupy <strong>AL-CON<\/strong> mamy dost\u0119p do najwy\u017cszej jako\u015bci materia\u0142\u00f3w &#8211; wszystkie nasze pergole powstaj\u0105 z najlepszego aluminium. Proponowane przez nas konstrukcje nadaj\u0105 si\u0119 zar\u00f3wno do prywatnych ogrod\u00f3w i przydomowych taras\u00f3w, jak i przestrzeni publicznej lub lokali us\u0142ugowych (kawiarni, lodziarni, restauracji i wielu innych). Pergole s\u0105 niezwykle praktycznymi elementami architektonicznymi, kt\u00f3re mo\u017cna wykorzysta\u0107 na wiele r\u00f3\u017cnych sposob\u00f3w.<\/p>\n\n\n\n<p>Dostarczamy kompletne systemy pergoli, w sk\u0142ad kt\u00f3rych wchodz\u0105 nie tylko podpory i stela\u017c zadaszenia, ale tak\u017ce wysokiej jako\u015bci panele dachowe oraz opcjonalna zabudowa boczna i liczne dodatki (m.in. czujniki deszczu, wiatru i nas\u0142onecznienia czy systemy audio).<\/p>\n","protected":false},"excerpt":{"rendered":"<p>Firma AL-GARDEN specjalizuje si\u0119 w produkcji i monta\u017cu najwy\u017cszej jako\u015bci pergol. Jako cz\u0119\u015b\u0107 grupy AL-CON mamy dost\u0119p do najwy\u017cszej jako\u015bci materia\u0142\u00f3w &#8211; wszystkie nasze pergole powstaj\u0105 z najlepszego aluminium. Proponowane [&hellip;]<\/p>\n","protected":false},"author":1,"featured_media":0,"parent":0,"menu_order":0,"comment_status":"closed","ping_status":"closed","template":"","meta":{"ngg_post_thumbnail":0},"_links":{"self":[{"href":"https:\/\/al-garden.pl\/index.php?rest_route=\/wp\/v2\/pages\/667"}],"collection":[{"href":"https:\/\/al-garden.pl\/index.php?rest_route=\/wp\/v2\/pages"}],"about":[{"href":"https:\/\/al-garden.pl\/index.php?rest_route=\/wp\/v2\/types\/page"}],"author":[{"embeddable":true,"href":"https:\/\/al-garden.pl\/index.php?rest_route=\/wp\/v2\/users\/1"}],"replies":[{"embeddable":true,"href":"https:\/\/al-garden.pl\/index.php?rest_route=%2Fwp%2Fv2%2Fcomments&post=667"}],"version-history":[{"count":1,"href":"https:\/\/al-garden.pl\/index.php?rest_route=\/wp\/v2\/pages\/667\/revisions"}],"predecessor-version":[{"id":669,"href":"https:\/\/al-garden.pl\/index.php?rest_route=\/wp\/v2\/pages\/667\/revisions\/669"}],"wp:attachment":[{"href":"https:\/\/al-garden.pl\/index.php?rest_route=%2Fwp%2Fv2%2Fmedia&parent=667"}],"curies":[{"name":"wp","href":"https:\/\/api.w.org\/{rel}","templated":true}]}}